{"id":11,"date":"2023-07-30T19:35:59","date_gmt":"2023-07-30T17:35:59","guid":{"rendered":"https:\/\/www.funpc79.com\/niort\/?page_id=11"},"modified":"2023-07-30T19:50:15","modified_gmt":"2023-07-30T17:50:15","slug":"depannage-informatique","status":"publish","type":"page","link":"https:\/\/www.funpc79.com\/niort\/depannage-informatique\/","title":{"rendered":"D\u00e9pannage informatique"},"content":{"rendered":"\n<p><strong><em>Bienvenue chez \u00ab\u00a0FunPC79.com\u00a0\u00bb !<\/em><\/strong><\/p>\n\n\n\n<p>Votre sp\u00e9cialiste des r\u00e9seaux informatiques et du d\u00e9pannage informatique pour particuliers et TPE bas\u00e9 \u00e0 Villiers-en-Plaine \u00e0 10min de Niort pour des prestations professionnelles depuis 2007 sur tout le Sud Deux-S\u00e8vres (et secteurs proches).<\/p>\n\n\n\n<p>Besoin d&rsquo;une expertise informatique fiable et professionnelle ? Vous \u00eates au bon endroit ! Chez FunPC79.com, Je mets \u00e0 votre disposition toute mon exp\u00e9rience et mon savoir-faire pour r\u00e9soudre vos probl\u00e8mes informatiques, que vous soyez un particulier ou une petite entreprise.<\/p>\n\n\n\n<p>Voici les services que je vous propose :<\/p>\n\n\n\n<ul class=\"wp-block-list\">\n<li>D\u00e9pannage informatique \u00e0 domicile : Un probl\u00e8me avec votre ordinateur ? j&rsquo;interviens directement chez vous pour diagnostiquer et r\u00e9soudre rapidement tous vos soucis informatiques.<br>Je vous propose \u00e9galement si vous le souhaitez de vous recevoir \u00e0 mon atelier de Villiers-en-Plaie sur RENDEZ-VOUS au besoin. (Rendez-vous obligatoire pour valider ma disponibilit\u00e9 et pr\u00e9sence \u00e0 l&rsquo;atelier).<\/li>\n\n\n\n<li>R\u00e9seau et Wi-Fi : Vous souhaitez am\u00e9liorer la performance de votre r\u00e9seau ou \u00e9tendre votre couverture Wi-Fi ? Je con\u00e7ois et mets en place des solutions adapt\u00e9es \u00e0 vos besoins sp\u00e9cifiques.<\/li>\n\n\n\n<li>S\u00e9curit\u00e9 informatique : Prot\u00e9gez vos donn\u00e9es sensibles et assurez-vous une navigation s\u00e9curis\u00e9e sur Internet gr\u00e2ce \u00e0 nos solutions de s\u00e9curit\u00e9 informatique \u00e9prouv\u00e9es.<\/li>\n\n\n\n<li>Sauvegarde et r\u00e9cup\u00e9ration de donn\u00e9es : Vos fichiers sont pr\u00e9cieux, je vous aide \u00e0 les sauvegarder r\u00e9guli\u00e8rement et \u00e0 r\u00e9cup\u00e9rer vos donn\u00e9es en cas de besoin.<\/li>\n\n\n\n<li>Installation et configuration : J&rsquo;installe et configure votre mat\u00e9riel informatique, vos logiciels et vos p\u00e9riph\u00e9riques pour une utilisation optimale et sans tracas.<\/li>\n\n\n\n<li>Conseils et formations : Besoin de conseils avis\u00e9s pour faire \u00e9voluer votre infrastructure ? Je suis l\u00e0 pour vous accompagner dans vos choix et vous proposer des formations adapt\u00e9es \u00e0 votre niveau.<\/li>\n<\/ul>\n\n\n\n<p>Pourquoi choisir FunPC79.com ?<\/p>\n\n\n\n<p>Expertise professionnelle : Fort de mon exp\u00e9rience de plus de 25ans dans les domaines des r\u00e9seaux, des t\u00e9l\u00e9coms et de l&rsquo;informatique et avec ma formation initiale dans les domaines de l&rsquo;informatique, des r\u00e9seaux et du d\u00e9pannage, je suis en mesure de vous fournir un service de qualit\u00e9 et fiable.<\/p>\n\n\n\n<p>Service sur mesure : Je m&rsquo;adapte \u00e0 vos besoins sp\u00e9cifiques pour vous offrir une solution personnalis\u00e9e et efficace.<\/p>\n\n\n\n<p>R\u00e9activit\u00e9 et rapidit\u00e9 : Je comprends l&rsquo;importance de la r\u00e9activit\u00e9 en informatique. C&rsquo;est pourquoi j&rsquo;interviens dans les meilleurs d\u00e9lais pour minimiser les interruptions d&rsquo;activit\u00e9.<\/p>\n\n\n\n<p>Transparence et respect : Je privil\u00e9gie une relation de confiance avec mes clients en les tenant inform\u00e9s \u00e0 chaque \u00e9tape de mon intervention.<\/p>\n\n\n\n<p>N&rsquo;h\u00e9sitez plus ! Confiez moi votre informatique ou votre probl\u00e9matique informatique, contactez-moi d\u00e8s maintenant pour une prise en charge rapide et professionnelle de vos probl\u00e8mes informatiques.<\/p>\n\n\n\n<p>A tr\u00e8s bient\u00f4t,<\/p>\n\n\n\n<p>Olivier, votre d\u00e9panneur informatique, FunPC79.com<\/p>\n","protected":false},"excerpt":{"rendered":"<p>Bienvenue chez \u00ab\u00a0FunPC79.com\u00a0\u00bb ! Votre sp\u00e9cialiste des r\u00e9seaux informatiques et du d\u00e9pannage informatique pour particuliers et TPE bas\u00e9 \u00e0 Villiers-en-Plaine \u00e0 10min de Niort pour des prestations professionnelles depuis 2007 sur tout le Sud Deux-S\u00e8vres (et secteurs proches). Besoin d&rsquo;une expertise informatique fiable et professionnelle ? Vous \u00eates au bon endroit ! Chez FunPC79.com, Je [&hellip;]<\/p>\n","protected":false},"author":1,"featured_media":0,"parent":0,"menu_order":0,"comment_status":"closed","ping_status":"closed","template":"","meta":{"footnotes":""},"class_list":["post-11","page","type-page","status-publish","hentry"],"_links":{"self":[{"href":"https:\/\/www.funpc79.com\/niort\/wp-json\/wp\/v2\/pages\/11","targetHints":{"allow":["GET"]}}],"collection":[{"href":"https:\/\/www.funpc79.com\/niort\/wp-json\/wp\/v2\/pages"}],"about":[{"href":"https:\/\/www.funpc79.com\/niort\/wp-json\/wp\/v2\/types\/page"}],"author":[{"embeddable":true,"href":"https:\/\/www.funpc79.com\/niort\/wp-json\/wp\/v2\/users\/1"}],"replies":[{"embeddable":true,"href":"https:\/\/www.funpc79.com\/niort\/wp-json\/wp\/v2\/comments?post=11"}],"version-history":[{"count":2,"href":"https:\/\/www.funpc79.com\/niort\/wp-json\/wp\/v2\/pages\/11\/revisions"}],"predecessor-version":[{"id":23,"href":"https:\/\/www.funpc79.com\/niort\/wp-json\/wp\/v2\/pages\/11\/revisions\/23"}],"wp:attachment":[{"href":"https:\/\/www.funpc79.com\/niort\/wp-json\/wp\/v2\/media?parent=11"}],"curies":[{"name":"wp","href":"https:\/\/api.w.org\/{rel}","templated":true}]}}